{"id":4683,"date":"2023-04-20T13:48:28","date_gmt":"2023-04-20T11:48:28","guid":{"rendered":"https:\/\/agora-theater.net\/pedagogie-theatrale\/projets-de-theatre-dans-les-ecoles\/"},"modified":"2023-06-01T14:32:40","modified_gmt":"2023-06-01T12:32:40","slug":"projets-de-theatre-dans-les-ecoles","status":"publish","type":"page","link":"https:\/\/agora-theater.net\/fr\/pedagogie-theatrale\/projets-de-theatre-dans-les-ecoles\/","title":{"rendered":"PROJETS DE TH\u00c9\u00c2TRE DANS LES \u00c9COLES"},"content":{"rendered":"","protected":false},"excerpt":{"rendered":"","protected":false},"author":3,"featured_media":0,"parent":2073,"menu_order":1,"comment_status":"closed","ping_status":"closed","template":"","meta":{"_acf_changed":false,"inline_featured_image":false,"footnotes":""},"class_list":["post-4683","page","type-page","status-publish","hentry"],"acf":[],"_links":{"self":[{"href":"https:\/\/agora-theater.net\/fr\/wp-json\/wp\/v2\/pages\/4683","targetHints":{"allow":["GET"]}}],"collection":[{"href":"https:\/\/agora-theater.net\/fr\/wp-json\/wp\/v2\/pages"}],"about":[{"href":"https:\/\/agora-theater.net\/fr\/wp-json\/wp\/v2\/types\/page"}],"author":[{"embeddable":true,"href":"https:\/\/agora-theater.net\/fr\/wp-json\/wp\/v2\/users\/3"}],"replies":[{"embeddable":true,"href":"https:\/\/agora-theater.net\/fr\/wp-json\/wp\/v2\/comments?post=4683"}],"version-history":[{"count":1,"href":"https:\/\/agora-theater.net\/fr\/wp-json\/wp\/v2\/pages\/4683\/revisions"}],"predecessor-version":[{"id":4684,"href":"https:\/\/agora-theater.net\/fr\/wp-json\/wp\/v2\/pages\/4683\/revisions\/4684"}],"up":[{"embeddable":true,"href":"https:\/\/agora-theater.net\/fr\/wp-json\/wp\/v2\/pages\/2073"}],"wp:attachment":[{"href":"https:\/\/agora-theater.net\/fr\/wp-json\/wp\/v2\/media?parent=4683"}],"curies":[{"name":"wp","href":"https:\/\/api.w.org\/{rel}","templated":true}]}}