{"id":2073,"date":"2022-12-06T17:14:14","date_gmt":"2022-12-06T16:14:14","guid":{"rendered":"https:\/\/agora-theater.net\/?page_id=2073"},"modified":"2023-05-26T10:20:07","modified_gmt":"2023-05-26T08:20:07","slug":"pedagogie-theatrale","status":"publish","type":"page","link":"https:\/\/agora-theater.net\/fr\/pedagogie-theatrale\/","title":{"rendered":"P\u00c9DAGOGIE TH\u00c9\u00c2TRALE"},"content":{"rendered":"","protected":false},"excerpt":{"rendered":"","protected":false},"author":3,"featured_media":0,"parent":0,"menu_order":5,"comment_status":"closed","ping_status":"closed","template":"","meta":{"_acf_changed":false,"inline_featured_image":false,"footnotes":""},"class_list":["post-2073","page","type-page","status-publish","hentry"],"acf":[],"_links":{"self":[{"href":"https:\/\/agora-theater.net\/fr\/wp-json\/wp\/v2\/pages\/2073","targetHints":{"allow":["GET"]}}],"collection":[{"href":"https:\/\/agora-theater.net\/fr\/wp-json\/wp\/v2\/pages"}],"about":[{"href":"https:\/\/agora-theater.net\/fr\/wp-json\/wp\/v2\/types\/page"}],"author":[{"embeddable":true,"href":"https:\/\/agora-theater.net\/fr\/wp-json\/wp\/v2\/users\/3"}],"replies":[{"embeddable":true,"href":"https:\/\/agora-theater.net\/fr\/wp-json\/wp\/v2\/comments?post=2073"}],"version-history":[{"count":5,"href":"https:\/\/agora-theater.net\/fr\/wp-json\/wp\/v2\/pages\/2073\/revisions"}],"predecessor-version":[{"id":6501,"href":"https:\/\/agora-theater.net\/fr\/wp-json\/wp\/v2\/pages\/2073\/revisions\/6501"}],"wp:attachment":[{"href":"https:\/\/agora-theater.net\/fr\/wp-json\/wp\/v2\/media?parent=2073"}],"curies":[{"name":"wp","href":"https:\/\/api.w.org\/{rel}","templated":true}]}}